{"id":30635,"date":"2025-09-11T14:59:29","date_gmt":"2025-09-11T12:59:29","guid":{"rendered":"https:\/\/medtrum.redycare.ch\/ueber-uns\/"},"modified":"2026-03-05T04:21:31","modified_gmt":"2026-03-05T03:21:31","slug":"ueber-uns","status":"publish","type":"page","link":"https:\/\/medtrum.redycare.ch\/de\/ueber-uns\/","title":{"rendered":"Medtrum-L\u00f6sungen"},"content":{"rendered":"<p>[et_pb_section fb_built=&#8220;1&#8243; _builder_version=&#8220;4.27.4&#8243; _module_preset=&#8220;default&#8220; background_color=&#8220;#1A5F58&#8243; da_disable_devices=&#8220;off|off|off&#8220; global_colors_info=&#8220;{}&#8220; da_is_popup=&#8220;off&#8220; da_exit_intent=&#8220;off&#8220; da_has_close=&#8220;on&#8220; da_alt_close=&#8220;off&#8220; da_dark_close=&#8220;off&#8220; da_not_modal=&#8220;on&#8220; da_is_singular=&#8220;off&#8220; da_with_loader=&#8220;off&#8220; da_has_shadow=&#8220;on&#8220;][et_pb_row column_structure=&#8220;1_4,3_4&#8243; use_custom_gutter=&#8220;on&#8220; gutter_width=&#8220;2&#8243; _builder_version=&#8220;4.27.4&#8243; _module_preset=&#8220;default&#8220; custom_padding=&#8220;0px||0px||true|false&#8220; global_colors_info=&#8220;{}&#8220;][et_pb_column type=&#8220;1_4&#8243; _builder_version=&#8220;4.27.4&#8243; _module_preset=&#8220;default&#8220; custom_css_main_element=&#8220;margin:auto&#8220; global_colors_info=&#8220;{}&#8220;][et_pb_image src=&#8220;https:\/\/upload.wikimedia.org\/wikipedia\/commons\/f\/f3\/Flag_of_Switzerland.svg&#8220; align=&#8220;center&#8220; _builder_version=&#8220;4.27.4&#8243; _module_preset=&#8220;default&#8220; width=&#8220;100%&#8220; max_width=&#8220;100px&#8220; border_radii=&#8220;on|24px|24px|24px|24px&#8220; global_colors_info=&#8220;{}&#8220;][\/et_pb_image][\/et_pb_column][et_pb_column type=&#8220;3_4&#8243; _builder_version=&#8220;4.27.2&#8243; _module_preset=&#8220;default&#8220; global_colors_info=&#8220;{}&#8220;][et_pb_text _builder_version=&#8220;4.27.4&#8243; _module_preset=&#8220;30d7e2af-0d7d-4699-8c4f-f2679fc03aae&#8220; global_colors_info=&#8220;{}&#8220;]<\/p>\n<h1><span style=\"font-size: xx-large;\">Medtrum, insulinbehandelter Diabetes mit geschlossenem Kreislauf in der Schweiz<\/span><\/h1>\n<h1><span style=\"font-size: large;\">Medtrum, insulinbehandelter Diabetes mit geschlossenem Kreislauf in der Schweiz<\/span><\/h1>\n<h2><span style=\"font-size: x-large;\">Unser Ziel: Vereinfachung der Behandlung von insulinbehandeltem Diabetes in der Schweiz<\/span><\/h2>\n<p>[\/et_pb_text][\/et_pb_column][\/et_pb_row][\/et_pb_section][et_pb_section fb_built=&#8220;1&#8243; _builder_version=&#8220;4.27.4&#8243; _module_preset=&#8220;default&#8220; da_disable_devices=&#8220;off|off|off&#8220; global_colors_info=&#8220;{}&#8220; da_is_popup=&#8220;off&#8220; da_exit_intent=&#8220;off&#8220; da_has_close=&#8220;on&#8220; da_alt_close=&#8220;off&#8220; da_dark_close=&#8220;off&#8220; da_not_modal=&#8220;on&#8220; da_is_singular=&#8220;off&#8220; da_with_loader=&#8220;off&#8220; da_has_shadow=&#8220;on&#8220;][et_pb_row column_structure=&#8220;1_3,1_3,1_3&#8243; use_custom_gutter=&#8220;on&#8220; gutter_width=&#8220;2&#8243; _builder_version=&#8220;4.27.4&#8243; _module_preset=&#8220;default&#8220; custom_padding=&#8220;0px||0px||true|false&#8220; global_colors_info=&#8220;{}&#8220;][et_pb_column type=&#8220;1_3&#8243; _builder_version=&#8220;4.27.4&#8243; _module_preset=&#8220;default&#8220; custom_padding=&#8220;32px||||false|false&#8220; custom_padding_tablet=&#8220;0px||||false|false&#8220; custom_padding_phone=&#8220;0px||||false|false&#8220; custom_padding_last_edited=&#8220;on|tablet&#8220; global_colors_info=&#8220;{}&#8220;][et_pb_image src=&#8220;https:\/\/medtrum.redycare.ch\/wp-content\/uploads\/2025\/09\/vue-panoramique-geneve-mettant-avant-structure.webp&#8220; title_text=&#8220;Panorama-Ansicht-geneve-metant-avant-structure&#8220; _builder_version=&#8220;4.27.4&#8243; _module_preset=&#8220;default&#8220; max_width=&#8220;400px&#8220; hover_enabled=&#8220;0&#8243; global_colors_info=&#8220;{}&#8220; alt=&#8220;Medtrum, Insulinbehandlung von Diabetes in der Schweiz und in Genf&#8220; sticky_enabled=&#8220;0&#8243;][\/et_pb_image][\/et_pb_column][et_pb_column type=&#8220;1_3&#8243; _builder_version=&#8220;4.27.4&#8243; _module_preset=&#8220;default&#8220; global_colors_info=&#8220;{}&#8220;][et_pb_image src=&#8220;https:\/\/medtrum.redycare.ch\/wp-content\/uploads\/2025\/09\/paysage-montagneux-majestueux-sommets-enneiges.webp&#8220; title_text=&#8220;bergige-muskul\u00f6se-schneegipfel-landschaft&#8220; _builder_version=&#8220;4.27.4&#8243; _module_preset=&#8220;default&#8220; max_width=&#8220;400px&#8220; hover_enabled=&#8220;0&#8243; global_colors_info=&#8220;{}&#8220; alt=&#8220;Medtrum, Behandlung von Diabetes in der Schweiz  &#8220; sticky_enabled=&#8220;0&#8243;][\/et_pb_image][\/et_pb_column][et_pb_column type=&#8220;1_3&#8243; _builder_version=&#8220;4.27.4&#8243; _module_preset=&#8220;default&#8220; custom_padding=&#8220;16px||||false|false&#8220; custom_padding_tablet=&#8220;0px||||false|false&#8220; custom_padding_phone=&#8220;0px||||false|false&#8220; custom_padding_last_edited=&#8220;on|tablet&#8220; global_colors_info=&#8220;{}&#8220;][et_pb_image src=&#8220;https:\/\/medtrum.redycare.ch\/wp-content\/uploads\/2025\/09\/capture-vue-panoramique-zurich-batiments.webp&#8220; title_text=&#8220;Capture-view-panoramico-z\u00fcrich-batiments&#8220; _builder_version=&#8220;4.27.4&#8243; _module_preset=&#8220;default&#8220; max_width=&#8220;400px&#8220; hover_enabled=&#8220;0&#8243; global_colors_info=&#8220;{}&#8220; alt=&#8220;Medtrum, mit Insulin behandelter Diabetes in der Schweiz  &#8220; sticky_enabled=&#8220;0&#8243;][\/et_pb_image][\/et_pb_column][\/et_pb_row][et_pb_row _builder_version=&#8220;4.27.4&#8243; _module_preset=&#8220;default&#8220; global_colors_info=&#8220;{}&#8220;][et_pb_column type=&#8220;4_4&#8243; _builder_version=&#8220;4.27.4&#8243; _module_preset=&#8220;default&#8220; global_colors_info=&#8220;{}&#8220;][et_pb_text _builder_version=&#8220;4.27.4&#8243; _module_preset=&#8220;_initial&#8220; text_font_size=&#8220;14px&#8220; background_color=&#8220;rgba(138,199,201,0.34)&#8220; position_origin_a=&#8220;top_center&#8220; custom_padding=&#8220;32px|32px|32px|32px|true|true&#8220; border_radii=&#8220;on|32px|32px|32px|32px&#8220; border_width_all=&#8220;1px&#8220; border_color_all=&#8220;#8AC7C9&#8243; global_colors_info=&#8220;{}&#8220;]<\/p>\n<h3>Eine neue Art, mit Diabetes zu leben in der Schweiz<\/h3>\n<p>Wir begleiten insulinbehandelte Diabetespatienten mit L\u00f6sungen, die f\u00fcr das wirkliche Leben gedacht sind. Unser Ziel ist einfach: Wir wollen Ihnen helfen, besser mit Ihrem Diabetes zu leben, ohne den ganzen Tag dar\u00fcber nachzudenken. Mit Technologien wie der <strong>Medtrum-Insulinpumpe<\/strong>, dem <strong>CGM-Sensor<\/strong> und dem <strong>Insulin-Closed-Loop-System<\/strong> tragen wir zu einer neuen Art des Umgangs mit der<strong>Insulinpumpentherapie<\/strong> bei. Wir glauben, dass ein gutes <strong>medizinisches Ger\u00e4t f\u00fcr Diabetes<\/strong> sich an Ihren Rhythmus anpassen muss und nicht umgekehrt. Unsere Arbeit ist Teil der<strong>Diabetes-Innovation<\/strong>, mit besonderem Augenmerk auf die <strong>Bewegungsfreiheit<\/strong> des Diabetikers und den Komfort im Alltag.    <\/p>\n<p>Dieser Ansatz spiegelt sich auch in unseren klinischen Projekten wider: Im Juli 2023 ebnete eine positive Stellungnahme des Ethikausschusses den Weg f\u00fcr eine Studie \u00fcber den <strong>Hybrid-Closed-Loop<\/strong>, die in 19 franz\u00f6sischen Zentren durchgef\u00fchrt wird. Diese Arbeiten zielen darauf ab, die Behandlung voranzutreiben und Ihnen L\u00f6sungen anzubieten, die immer besser auf Ihr Leben abgestimmt sind. <\/p>\n<p>[\/et_pb_text][\/et_pb_column][\/et_pb_row][et_pb_row column_structure=&#8220;1_2,1_2&#8243; _builder_version=&#8220;4.27.4&#8243; _module_preset=&#8220;default&#8220; hover_enabled=&#8220;0&#8243; global_colors_info=&#8220;{}&#8220; sticky_enabled=&#8220;0&#8243;][et_pb_column type=&#8220;1_2&#8243; _builder_version=&#8220;4.27.4&#8243; _module_preset=&#8220;default&#8220; background_image=&#8220;https:\/\/medtrum.redycare.ch\/wp-content\/uploads\/2024\/12\/pic_17.webp&#8220; hover_enabled=&#8220;0&#8243; border_radii=&#8220;on|24px|24px|24px|24px&#8220; global_colors_info=&#8220;{}&#8220; sticky_enabled=&#8220;0&#8243;][et_pb_divider _builder_version=&#8220;4.27.4&#8243; _module_preset=&#8220;aeb1edf4-eedf-4d16-a9d6-bc9790f45f06&#8243; hover_enabled=&#8220;0&#8243; global_colors_info=&#8220;{}&#8220; sticky_enabled=&#8220;0&#8243;][\/et_pb_divider][\/et_pb_column][et_pb_column type=&#8220;1_2&#8243; _builder_version=&#8220;4.27.4&#8243; _module_preset=&#8220;default&#8220; global_colors_info=&#8220;{}&#8220;][et_pb_text _builder_version=&#8220;4.27.4&#8243; _module_preset=&#8220;default&#8220; global_colors_info=&#8220;{}&#8220;]<\/p>\n<h2>F\u00fchrend in der Innovation in der Schweiz<\/h2>\n<h3><span style=\"font-size: large;\">Technologie f\u00fcr Ihren Alltag<\/span><\/h3>\n<h4><span style=\"font-size: small;\">Insulinpumpe, geschlossener Kreislauf und Bewegungsfreiheit<\/span> <strong><\/strong><\/h4>\n<p>Wir entwickeln Komplettl\u00f6sungen f\u00fcr die <strong>Insulinpumpentherapie<\/strong>. Die <strong>kabellose Insulinpumpe (Schlauchlos)<\/strong>, auch <strong>Insulin-Patch-Pumpe<\/strong> genannt, arbeitet schlauchlos und wird diskret auf der Haut getragen. Das <strong>schlauchlose<\/strong> Format bietet mehr Freiheit bei der Bewegung, beim Sport und im sozialen Leben. In Kombination mit einem <strong>CGM-Glukosesensor<\/strong> erm\u00f6glicht die Pumpe eine <strong>kontinuierliche Glukosemessung (CGM)<\/strong> und ist Teil eines <strong>geschlossenen Kreislaufsystems<\/strong>, das die Insulinzufuhr automatisch anpassen kann. Dieser Ansatz unterst\u00fctzt ein besseres <strong>Diabetesmanagement<\/strong> und eine reibungslosere <strong>Insulintherapie<\/strong>, die auf Ihren Lebensstil und Ihre Bed\u00fcrfnisse abgestimmt ist.    <\/p>\n<p>[\/et_pb_text][et_pb_text _builder_version=&#8220;4.27.4&#8243; _module_preset=&#8220;default&#8220; locked=&#8220;off&#8220; global_colors_info=&#8220;{}&#8220;]<\/p>\n<h2>Miniaturisierte Glukosesensoren (CGM)<\/h2>\n<p>Die <strong>Messung der Glukose<\/strong> spielt eine zentrale Rolle bei der <strong>Behandlung von Diabetes<\/strong>. Mit dem miniaturisierten <strong>Glukosesensor<\/strong> k\u00f6nnen Sie <strong>Ihren Blutzucker<\/strong> kontinuierlich <strong>messen<\/strong>, ohne dass Sie wiederholt in Ihre Fingerspitzen pieksen m\u00fcssen. Der <strong>CGM Glukosesensor<\/strong> \u00fcbertr\u00e4gt die Daten an digitale Tools, um Ihre Trends zu verfolgen, Schwankungen zu erkennen und Ihre <strong>Insulinbehandlung<\/strong> leichter anzupassen. Diese Technologie unterst\u00fctzt ein besseres Verst\u00e4ndnis Ihres K\u00f6rpers und hilft Ihnen, bei Ihrer <strong>Insulintherapie<\/strong> unabh\u00e4ngiger zu werden.   <\/p>\n<p>[\/et_pb_text][et_pb_button button_url=&#8220;@ET-DC@eyJkeW5hbWljIjp0cnVlLCJjb250ZW50IjoiaG9tZV91cmwiLCJzZXR0aW5ncyI6W119@&#8220; button_text=&#8220;Entdecken Sie unsere Sensoren&#8220; _builder_version=&#8220;4.27.4&#8243; _dynamic_attributes=&#8220;button_url&#8220; _module_preset=&#8220;default&#8220; hover_enabled=&#8220;0&#8243; global_colors_info=&#8220;{}&#8220; sticky_enabled=&#8220;0&#8243;][\/et_pb_button][\/et_pb_column][\/et_pb_row][\/et_pb_section][et_pb_section fb_built=&#8220;1&#8243; _builder_version=&#8220;4.27.2&#8243; _module_preset=&#8220;default&#8220; custom_padding=&#8220;0px||0px||true|false&#8220; da_disable_devices=&#8220;off|off|off&#8220; global_colors_info=&#8220;{}&#8220; da_is_popup=&#8220;off&#8220; da_exit_intent=&#8220;off&#8220; da_has_close=&#8220;on&#8220; da_alt_close=&#8220;off&#8220; da_dark_close=&#8220;off&#8220; da_not_modal=&#8220;on&#8220; da_is_singular=&#8220;off&#8220; da_with_loader=&#8220;off&#8220; da_has_shadow=&#8220;on&#8220;][et_pb_row column_structure=&#8220;1_3,2_3&#8243; use_custom_gutter=&#8220;on&#8220; gutter_width=&#8220;1&#8243; _builder_version=&#8220;4.27.4&#8243; _module_preset=&#8220;default&#8220; background_enable_color=&#8220;off&#8220; width=&#8220;100%&#8220; max_width=&#8220;none&#8220; custom_padding=&#8220;0px||0px||true|false&#8220; pac_drh_enable_stacking=&#8220;pac_drh_stack_row pac_drh_stack_tab_mob&#8220; global_colors_info=&#8220;{}&#8220;][et_pb_column type=&#8220;1_3&#8243; _builder_version=&#8220;4.27.2&#8243; _module_preset=&#8220;default&#8220; background_color=&#8220;#1A5F58&#8243; background_image=&#8220;https:\/\/medtrum.redycare.ch\/wp-content\/uploads\/2024\/10\/home_fr_banner01.webp&#8220; custom_padding=&#8220;48px||48px||true|false&#8220; pac_drh_add_staking_order_tab=&#8220;pac_drh_order_tab_two&#8220; pac_drh_add_staking_order_mob=&#8220;pac_drh_order_mob_two&#8220; global_colors_info=&#8220;{}&#8220; custom_padding__hover_enabled=&#8220;off|desktop&#8220;][et_pb_divider show_divider=&#8220;off&#8220; _builder_version=&#8220;4.27.2&#8243; _module_preset=&#8220;default&#8220; height=&#8220;100px&#8220; global_colors_info=&#8220;{}&#8220;][\/et_pb_divider][\/et_pb_column][et_pb_column type=&#8220;2_3&#8243; _builder_version=&#8220;4.27.4&#8243; _module_preset=&#8220;default&#8220; background_color=&#8220;#F0F0F0&#8243; custom_padding=&#8220;32px|32px|32px|32px|true|true&#8220; custom_padding_tablet=&#8220;32px|32px|32px||true|false&#8220; custom_padding_phone=&#8220;0px|32px||32px|false|true&#8220; custom_padding_last_edited=&#8220;off|desktop&#8220; pac_drh_add_staking_order_tab=&#8220;pac_drh_order_tab_one&#8220; pac_drh_add_staking_order_mob=&#8220;pac_drh_order_mob_one&#8220; border_radii=&#8220;off||104px||&#8220; border_radii_tablet=&#8220;off|||104px|&#8220; border_radii_phone=&#8220;off|||0px|&#8220; border_radii_last_edited=&#8220;on|phone&#8220; global_colors_info=&#8220;{}&#8220;][et_pb_text _builder_version=&#8220;4.27.2&#8243; _module_preset=&#8220;default&#8220; global_colors_info=&#8220;{}&#8220;]<\/p>\n<h2>Werden Sie Teil unserer Gemeinschaft!<\/h2>\n<p>Wir glauben an die Kraft des Kollektivs. Wenn Sie unserer Gemeinschaft beitreten, erhalten Sie Zugang zu Informationen, Ressourcen und Erfahrungsberichten rund um die <strong>Medtrum-Insulinpumpe<\/strong>, den <strong>CGM-Sensor<\/strong> und den <strong>geschlossenen Regel<\/strong>kreis. Sie finden auch Inhalte \u00fcber die <strong>Vorteile der Insulinpumpe<\/strong>, die <strong>Sicherheit<\/strong> der Insulinpumpe oder wie Sie eine Insulinpumpe f\u00fcr Ihren Alltag ausw\u00e4hlen k\u00f6nnen. Gemeinsam entwickeln wir die <strong>Diabetes-L\u00f6sungen<\/strong> weiter und bauen eine Zukunft, in der die Technologie Ihre Lebensqualit\u00e4t wirklich unterst\u00fctzt.   <\/p>\n<p>[\/et_pb_text][et_pb_button button_url=&#8220;@ET-DC@eyJkeW5hbWljIjp0cnVlLCJjb250ZW50IjoicG9zdF9saW5rX3VybF9wYWdlIiwic2V0dGluZ3MiOnsicG9zdF9pZCI6IjI5NDkyIn19@&#8220; button_text=&#8220;Die Medtrum-Gemeinschaft \ud83c\udde8\ud83c\udded&#8220; button_alignment=&#8220;right&#8220; _builder_version=&#8220;4.27.4&#8243; _dynamic_attributes=&#8220;button_url&#8220; _module_preset=&#8220;default&#8220; button_text_color=&#8220;#000000&#8243; button_bg_color=&#8220;RGBA(255,255,255,0)&#8220; button_font=&#8220;||||on||||&#8220; button_icon=&#8220;&#x24;||divi||400&#8243; button_icon_placement=&#8220;left&#8220; button_on_hover=&#8220;off&#8220; custom_margin=&#8220;|32px|||false|false&#8220; custom_margin_tablet=&#8220;|32px|||false|false&#8220; custom_margin_phone=&#8220;|0px|||false|false&#8220; custom_margin_last_edited=&#8220;on|phone&#8220; global_colors_info=&#8220;{}&#8220;][\/et_pb_button][\/et_pb_column][\/et_pb_row][\/et_pb_section]<\/p>\n","protected":false},"excerpt":{"rendered":"<p>Medtrum, insulinbehandelter Diabetes mit geschlossenem Kreislauf in der Schweiz Medtrum, insulinbehandelter Diabetes mit geschlossenem Kreislauf in der Schweiz Unser Ziel: Vereinfachung der Behandlung von insulinbehandeltem Diabetes in der SchweizEine neue Art, mit Diabetes zu leben in der Schweiz Wir begleiten insulinbehandelte Diabetespatienten mit L\u00f6sungen, die f\u00fcr das wirkliche Leben gedacht sind. Unser Ziel ist einfach: [&hellip;]<\/p>\n","protected":false},"author":1,"featured_media":29964,"parent":0,"menu_order":1,"comment_status":"closed","ping_status":"closed","template":"","meta":{"_et_pb_use_builder":"on","_et_pb_old_content":"","_et_gb_content_width":"","footnotes":""},"class_list":["post-30635","page","type-page","status-publish","has-post-thumbnail","hentry"],"_links":{"self":[{"href":"https:\/\/medtrum.redycare.ch\/de\/wp-json\/wp\/v2\/pages\/30635","targetHints":{"allow":["GET"]}}],"collection":[{"href":"https:\/\/medtrum.redycare.ch\/de\/wp-json\/wp\/v2\/pages"}],"about":[{"href":"https:\/\/medtrum.redycare.ch\/de\/wp-json\/wp\/v2\/types\/page"}],"author":[{"embeddable":true,"href":"https:\/\/medtrum.redycare.ch\/de\/wp-json\/wp\/v2\/users\/1"}],"replies":[{"embeddable":true,"href":"https:\/\/medtrum.redycare.ch\/de\/wp-json\/wp\/v2\/comments?post=30635"}],"version-history":[{"count":37,"href":"https:\/\/medtrum.redycare.ch\/de\/wp-json\/wp\/v2\/pages\/30635\/revisions"}],"predecessor-version":[{"id":32109,"href":"https:\/\/medtrum.redycare.ch\/de\/wp-json\/wp\/v2\/pages\/30635\/revisions\/32109"}],"wp:featuredmedia":[{"embeddable":true,"href":"https:\/\/medtrum.redycare.ch\/de\/wp-json\/wp\/v2\/media\/29964"}],"wp:attachment":[{"href":"https:\/\/medtrum.redycare.ch\/de\/wp-json\/wp\/v2\/media?parent=30635"}],"curies":[{"name":"wp","href":"https:\/\/api.w.org\/{rel}","templated":true}]}}